{"id":2019,"date":"2023-06-21T17:47:01","date_gmt":"2023-06-21T14:47:01","guid":{"rendered":"https:\/\/www.catsoulstudios.com\/tr\/?post_type=product&#038;p=2019"},"modified":"2023-06-22T16:32:37","modified_gmt":"2023-06-22T13:32:37","slug":"sosyal-medya-yonetimi-gold-paket","status":"publish","type":"product","link":"https:\/\/www.catsoulstudios.com\/tr\/index.php\/urun\/sosyal-medya-yonetimi-gold-paket\/","title":{"rendered":"Sosyal Medya Y\u00f6netimi &#8211; Gold Paket"},"content":{"rendered":"<div class=\"elementor-element elementor-element-5714490 elementor-widget elementor-widget-heading\" data-id=\"5714490\" data-element_type=\"widget\" data-widget_type=\"heading.default\">\n<div class=\"elementor-widget-container\">\n<h3 class=\"elementor-heading-title elementor-size-default\" style=\"text-align: center;\">Sosyal Medya Y\u00f6netimi &#8211; Gold Paket<\/h3>\n<\/div>\n<\/div>\n<div class=\"elementor-element elementor-element-1a3ac05d elementor-widget elementor-widget-text-editor\" data-id=\"1a3ac05d\" data-element_type=\"widget\" data-widget_type=\"text-editor.default\">\n<div class=\"elementor-widget-container\">\n<p style=\"text-align: center;\">-Profil\/Hesap d\u00fczenlemesi<br \/>\n-Her ay en az 30 g\u00f6nderi<br \/>\n-Her ay en az 15 story<br \/>\n-Mobil Uyumluluk<br \/>\n-T\u00fcm \u00f6zel g\u00fcnler i\u00e7in g\u00f6nderiler<br \/>\n-Sayfan\u0131za Uyumlu<\/p>\n<h5 style=\"text-align: center;\">Instagram &#8211; Facebook &#8211; Twitter Y\u00f6netimi<\/h5>\n<\/div>\n<\/div>\n","protected":false},"excerpt":{"rendered":"<p><strong>Instagram<\/strong>, <strong>Twitter<\/strong> ve <strong>Facebook<\/strong> Y\u00f6netimi [5 Ayl\u0131k]<\/p>\n","protected":false},"featured_media":2020,"template":"","meta":{"_monsterinsights_skip_tracking":false,"_monsterinsights_sitenote_active":false,"_monsterinsights_sitenote_note":"","_monsterinsights_sitenote_category":0},"product_brand":[],"product_cat":[15,157,155],"product_tag":[149,151],"class_list":{"0":"post-2019","1":"product","2":"type-product","3":"status-publish","4":"has-post-thumbnail","6":"product_cat-genel","7":"product_cat-dijital-reklamcilik","8":"product_cat-sosyal-medya-yonetimi","9":"product_tag-dijital-reklamcilik","10":"product_tag-sosyal-medya-yonetimi","12":"first","13":"instock","14":"sale","15":"virtual","16":"sold-individually","17":"taxable","18":"purchasable","19":"product-type-simple"},"aioseo_notices":[],"jetpack_sharing_enabled":true,"_links":{"self":[{"href":"https:\/\/www.catsoulstudios.com\/tr\/index.php\/wp-json\/wp\/v2\/product\/2019","targetHints":{"allow":["GET"]}}],"collection":[{"href":"https:\/\/www.catsoulstudios.com\/tr\/index.php\/wp-json\/wp\/v2\/product"}],"about":[{"href":"https:\/\/www.catsoulstudios.com\/tr\/index.php\/wp-json\/wp\/v2\/types\/product"}],"wp:featuredmedia":[{"embeddable":true,"href":"https:\/\/www.catsoulstudios.com\/tr\/index.php\/wp-json\/wp\/v2\/media\/2020"}],"wp:attachment":[{"href":"https:\/\/www.catsoulstudios.com\/tr\/index.php\/wp-json\/wp\/v2\/media?parent=2019"}],"wp:term":[{"taxonomy":"product_brand","embeddable":true,"href":"https:\/\/www.catsoulstudios.com\/tr\/index.php\/wp-json\/wp\/v2\/product_brand?post=2019"},{"taxonomy":"product_cat","embeddable":true,"href":"https:\/\/www.catsoulstudios.com\/tr\/index.php\/wp-json\/wp\/v2\/product_cat?post=2019"},{"taxonomy":"product_tag","embeddable":true,"href":"https:\/\/www.catsoulstudios.com\/tr\/index.php\/wp-json\/wp\/v2\/product_tag?post=2019"}],"curies":[{"name":"wp","href":"https:\/\/api.w.org\/{rel}","templated":true}]}}