{"id":1928,"date":"2023-06-17T15:35:31","date_gmt":"2023-06-17T12:35:31","guid":{"rendered":"https:\/\/www.catsoulstudios.com\/tr\/?post_type=product&#038;p=1928"},"modified":"2023-06-21T18:08:42","modified_gmt":"2023-06-21T15:08:42","slug":"dijital-reklamcilik","status":"publish","type":"product","link":"https:\/\/www.catsoulstudios.com\/tr\/index.php\/urun\/dijital-reklamcilik\/","title":{"rendered":"Dijital Reklamc\u0131l\u0131k Silver Paket"},"content":{"rendered":"<div class=\"elementor-element elementor-element-5714490 elementor-widget elementor-widget-heading\" data-id=\"5714490\" data-element_type=\"widget\" data-widget_type=\"heading.default\">\n<div class=\"elementor-widget-container\">\n<h3 class=\"elementor-heading-title elementor-size-default\" style=\"text-align: center;\">Dijital Reklamc\u0131l\u0131k &#8211; Silver Paket<\/h3>\n<\/div>\n<\/div>\n<div class=\"elementor-element elementor-element-1a3ac05d elementor-widget elementor-widget-text-editor\" data-id=\"1a3ac05d\" data-element_type=\"widget\" data-widget_type=\"text-editor.default\">\n<div class=\"elementor-widget-container\">\n<p style=\"text-align: center;\">&#8211;<strong>Facebook<\/strong> ve <strong>Instagram<\/strong> Reklam Y\u00f6netimi<br \/>\nya da<br \/>\n&#8211;<strong>Google<\/strong> ve <strong>Youtube<\/strong> Reklam Y\u00f6netimi<br \/>\n-G\u00f6rsel D\u00fczenleme<br \/>\n-Metin\/\u0130\u00e7erik Olu\u015fturma<br \/>\n-Raporlama<\/p>\n<p style=\"text-align: center;\">*B\u00fct\u00e7eniz se\u00e7ilen t\u00fcre g\u00f6re olu\u015fturulan reklam paketi i\u00e7in harcanacakt\u0131r. Hedef Oda\u011f\u0131n\u0131 se\u00e7ebilmek ve do\u011fru isabet i\u00e7in sekt\u00f6r\u00fcn\u00fcz\u00fcn ayr\u0131nt\u0131lar\u0131n\u0131 konu\u015fmak \u00fczere size ula\u015f\u0131m sa\u011flayaca\u011f\u0131z.<\/p>\n<\/div>\n<\/div>\n","protected":false},"excerpt":{"rendered":"<p>Facebook, Instagram, Google ADS [Ayl\u0131k]<\/p>\n","protected":false},"featured_media":2017,"template":"","meta":{"_monsterinsights_skip_tracking":false,"_monsterinsights_sitenote_active":false,"_monsterinsights_sitenote_note":"","_monsterinsights_sitenote_category":0},"product_brand":[],"product_cat":[15,157,158,155],"product_tag":[149,147,148,151],"class_list":{"0":"post-1928","1":"product","2":"type-product","3":"status-publish","4":"has-post-thumbnail","6":"product_cat-genel","7":"product_cat-dijital-reklamcilik","8":"product_cat-seo-hizmeti","9":"product_cat-sosyal-medya-yonetimi","10":"product_tag-dijital-reklamcilik","11":"product_tag-google-seo","12":"product_tag-seo-optimizasyonu","13":"product_tag-sosyal-medya-yonetimi","15":"first","16":"instock","17":"virtual","18":"sold-individually","19":"taxable","20":"purchasable","21":"product-type-simple"},"aioseo_notices":[],"jetpack_sharing_enabled":true,"_links":{"self":[{"href":"https:\/\/www.catsoulstudios.com\/tr\/index.php\/wp-json\/wp\/v2\/product\/1928","targetHints":{"allow":["GET"]}}],"collection":[{"href":"https:\/\/www.catsoulstudios.com\/tr\/index.php\/wp-json\/wp\/v2\/product"}],"about":[{"href":"https:\/\/www.catsoulstudios.com\/tr\/index.php\/wp-json\/wp\/v2\/types\/product"}],"wp:featuredmedia":[{"embeddable":true,"href":"https:\/\/www.catsoulstudios.com\/tr\/index.php\/wp-json\/wp\/v2\/media\/2017"}],"wp:attachment":[{"href":"https:\/\/www.catsoulstudios.com\/tr\/index.php\/wp-json\/wp\/v2\/media?parent=1928"}],"wp:term":[{"taxonomy":"product_brand","embeddable":true,"href":"https:\/\/www.catsoulstudios.com\/tr\/index.php\/wp-json\/wp\/v2\/product_brand?post=1928"},{"taxonomy":"product_cat","embeddable":true,"href":"https:\/\/www.catsoulstudios.com\/tr\/index.php\/wp-json\/wp\/v2\/product_cat?post=1928"},{"taxonomy":"product_tag","embeddable":true,"href":"https:\/\/www.catsoulstudios.com\/tr\/index.php\/wp-json\/wp\/v2\/product_tag?post=1928"}],"curies":[{"name":"wp","href":"https:\/\/api.w.org\/{rel}","templated":true}]}}