{"id":1825,"date":"2023-06-17T01:24:27","date_gmt":"2023-06-16T22:24:27","guid":{"rendered":"https:\/\/www.catsoulstudios.com\/tr\/?post_type=product&#038;p=1825"},"modified":"2025-04-17T10:54:16","modified_gmt":"2025-04-17T07:54:16","slug":"silver-web-tasarim-paketi","status":"publish","type":"product","link":"https:\/\/www.catsoulstudios.com\/tr\/index.php\/urun\/silver-web-tasarim-paketi\/","title":{"rendered":"Silver Web Tasar\u0131m Paketi"},"content":{"rendered":"<p style=\"text-align: center;\"><strong>Silver Web Tasar\u0131m Paketi<\/strong><\/p>\n<p style=\"text-align: center;\">-1 Y\u0131ll\u0131k Domain<br \/>\n-1 Y\u0131ll\u0131k Hosting [Ba\u015flang\u0131\u00e7 Hosting]<br \/>\n-Mobil Uyumluluk<br \/>\n-Sosyal Medya Entegrasyonu<br \/>\n-Whatsapp Eklentisi<br \/>\n-Wordpress Tasar\u0131mlar<br \/>\n-Seo Destekli Altyap\u0131<br \/>\n-5 Makale<br \/>\n-3 G\u00fcn \u0130\u00e7erisinde Teslim<br \/>\n-Kurumsal Mail Kurulumu<br \/>\n-Arama Motorlar\u0131na Kay\u0131t<br \/>\n-Sayfa Say\u0131s\u0131 [30&#8217;a kadar]<br \/>\n-7\/24 Teknik Destek<br \/>\n-1 Y\u0131ll\u0131k SSL Sertifikas\u0131<\/p>\n<p style=\"text-align: center;\"><strong>Pakete Ait Hosting \u00d6zellikleri<\/strong><\/p>\n<h5 style=\"text-align: center;\">SSD Disk Alan\u0131: 3 GB<br \/>\nAyl\u0131k Trafik: 50 GB<br \/>\nBar\u0131nd\u0131r\u0131labilir Site: 6<br \/>\n\u00dccretsiz SSL (1 Y\u0131l)<br \/>\nKontrol Paneli: C-Panel<br \/>\nE-Mail Hesab\u0131: Limitsiz<br \/>\nSubdomain: Limitsiz<\/h5>\n<p style=\"text-align: center;\"><strong>Fiyatland\u0131rma<\/strong><\/p>\n<p style=\"text-align: center;\"><strong>Domain+Hosting+G\u00fcvenlik+Destek:<\/strong> 1000 TL [Y\u0131ll\u0131k]<br \/>\n<strong>Tasar\u0131m+Olu\u015fturma+D\u00fczenleme:<\/strong> 2200 TL [Tek Seferlik]<br \/>\n<strong>Toplam:<\/strong> 3199 TL<\/p>\n<hr \/>\n<p style=\"text-align: center;\">Paketi sepete ekledikten sonra i\u015finizle ya da projenizle ilgili t\u00fcm detaylar\u0131 sipari\u015f ekran\u0131ndaki &#8220;A\u00e7\u0131klama&#8221; b\u00f6l\u00fcm\u00fcnde bizlerle payla\u015f\u0131n.<\/p>\n","protected":false},"excerpt":{"rendered":"<p><span style=\"color: #993300;\"><strong>%20 Lansman \u0130ndirimi<\/strong> <\/span>&#8211; Silver Web Tasar\u0131m Paketi, i\u00e7eri\u011fi ile ilgili t\u00fcm \u00f6zellikler a\u00e7\u0131klama k\u0131sm\u0131nda.<\/p>\n","protected":false},"featured_media":2010,"template":"","meta":{"_monsterinsights_skip_tracking":false,"_monsterinsights_sitenote_active":false,"_monsterinsights_sitenote_note":"","_monsterinsights_sitenote_category":0},"product_brand":[],"product_cat":[15,154],"product_tag":[144,145],"class_list":{"0":"post-1825","1":"product","2":"type-product","3":"status-publish","4":"has-post-thumbnail","6":"product_cat-genel","7":"product_cat-web-tasarim","8":"product_tag-bireysel-web-tasarim","9":"product_tag-kurumsal-web-tasarimi","11":"first","12":"instock","13":"sale","14":"virtual","15":"sold-individually","16":"taxable","17":"purchasable","18":"product-type-simple"},"aioseo_notices":[],"jetpack_sharing_enabled":true,"_links":{"self":[{"href":"https:\/\/www.catsoulstudios.com\/tr\/index.php\/wp-json\/wp\/v2\/product\/1825","targetHints":{"allow":["GET"]}}],"collection":[{"href":"https:\/\/www.catsoulstudios.com\/tr\/index.php\/wp-json\/wp\/v2\/product"}],"about":[{"href":"https:\/\/www.catsoulstudios.com\/tr\/index.php\/wp-json\/wp\/v2\/types\/product"}],"wp:featuredmedia":[{"embeddable":true,"href":"https:\/\/www.catsoulstudios.com\/tr\/index.php\/wp-json\/wp\/v2\/media\/2010"}],"wp:attachment":[{"href":"https:\/\/www.catsoulstudios.com\/tr\/index.php\/wp-json\/wp\/v2\/media?parent=1825"}],"wp:term":[{"taxonomy":"product_brand","embeddable":true,"href":"https:\/\/www.catsoulstudios.com\/tr\/index.php\/wp-json\/wp\/v2\/product_brand?post=1825"},{"taxonomy":"product_cat","embeddable":true,"href":"https:\/\/www.catsoulstudios.com\/tr\/index.php\/wp-json\/wp\/v2\/product_cat?post=1825"},{"taxonomy":"product_tag","embeddable":true,"href":"https:\/\/www.catsoulstudios.com\/tr\/index.php\/wp-json\/wp\/v2\/product_tag?post=1825"}],"curies":[{"name":"wp","href":"https:\/\/api.w.org\/{rel}","templated":true}]}}