{"id":1517,"date":"2023-06-16T02:36:25","date_gmt":"2023-06-15T23:36:25","guid":{"rendered":"https:\/\/www.catsoulstudios.com\/tr\/?page_id=1517"},"modified":"2023-06-21T18:42:38","modified_gmt":"2023-06-21T15:42:38","slug":"hizmetlerimiz","status":"publish","type":"page","link":"https:\/\/www.catsoulstudios.com\/tr\/index.php\/hizmetlerimiz\/","title":{"rendered":"Hizmetlerimiz"},"content":{"rendered":"\t\t<div data-elementor-type=\"wp-page\" data-elementor-id=\"1517\" class=\"elementor elementor-1517\">\n\t\t\t\t\t\t<section class=\"elementor-section elementor-top-section elementor-element elementor-element-613b179 elementor-section-height-min-height elementor-section-boxed elementor-section-height-default elementor-section-items-middle\" data-id=\"613b179\" data-element_type=\"section\" data-settings=\"{&quot;background_background&quot;:&quot;classic&quot;}\">\n\t\t\t\t\t\t\t<div class=\"elementor-background-overlay\"><\/div>\n\t\t\t\t\t\t\t<div class=\"elementor-container elementor-column-gap-default\">\n\t\t\t\t\t<div class=\"elementor-column elementor-col-100 elementor-top-column elementor-element elementor-element-ce15abb\" data-id=\"ce15abb\" data-element_type=\"column\">\n\t\t\t<div class=\"elementor-widget-wrap elementor-element-populated\">\n\t\t\t\t\t\t<div class=\"elementor-element elementor-element-5aa277e elementor-widget elementor-widget-heading\" data-id=\"5aa277e\" data-element_type=\"widget\" data-widget_type=\"heading.default\">\n\t\t\t\t<div class=\"elementor-widget-container\">\n\t\t\t\t\t<h2 class=\"elementor-heading-title elementor-size-default\">H\u0130ZMETLER<\/h2>\t\t\t\t<\/div>\n\t\t\t\t<\/div>\n\t\t\t\t<div class=\"elementor-element elementor-element-eac93cf elementor-widget elementor-widget-text-editor\" data-id=\"eac93cf\" data-element_type=\"widget\" data-widget_type=\"text-editor.default\">\n\t\t\t\t<div class=\"elementor-widget-container\">\n\t\t\t\t\t\t\t\t\t<p><a href=\"https:\/\/www.catsoulstudios.com\/tr\/\">Anasayfa<\/a> \/ <span style=\"text-decoration: underline;\">Dijital \u00c7\u00f6z\u00fcmlerimiz<\/span><\/p>\t\t\t\t\t\t\t\t<\/div>\n\t\t\t\t<\/div>\n\t\t\t\t\t<\/div>\n\t\t<\/div>\n\t\t\t\t\t<\/div>\n\t\t<\/section>\n\t\t\t\t<section class=\"elementor-section elementor-top-section elementor-element elementor-element-127ca4d elementor-section-content-middle elementor-section-boxed elementor-section-height-default elementor-section-height-default\" data-id=\"127ca4d\" data-element_type=\"section\">\n\t\t\t\t\t\t<div class=\"elementor-container elementor-column-gap-no\">\n\t\t\t\t\t<div class=\"elementor-column elementor-col-50 elementor-top-column elementor-element elementor-element-eac51d8\" data-id=\"eac51d8\" data-element_type=\"column\">\n\t\t\t<div class=\"elementor-widget-wrap elementor-element-populated\">\n\t\t\t\t\t\t<div class=\"elementor-element elementor-element-146df5d elementor-widget elementor-widget-heading\" data-id=\"146df5d\" data-element_type=\"widget\" data-widget_type=\"heading.default\">\n\t\t\t\t<div class=\"elementor-widget-container\">\n\t\t\t\t\t<h6 class=\"elementor-heading-title elementor-size-default\">ne yap\u0131yoruz?<\/h6>\t\t\t\t<\/div>\n\t\t\t\t<\/div>\n\t\t\t\t<div class=\"elementor-element elementor-element-e40ea03 elementor-widget elementor-widget-heading\" data-id=\"e40ea03\" data-element_type=\"widget\" data-widget_type=\"heading.default\">\n\t\t\t\t<div class=\"elementor-widget-container\">\n\t\t\t\t\t<h5 class=\"elementor-heading-title elementor-size-default\">Memnuniyet Odakl\u0131 \u00c7al\u0131\u015f\u0131yoruz<\/h5>\t\t\t\t<\/div>\n\t\t\t\t<\/div>\n\t\t\t\t<div class=\"elementor-element elementor-element-6322072 elementor-widget elementor-widget-text-editor\" data-id=\"6322072\" data-element_type=\"widget\" data-widget_type=\"text-editor.default\">\n\t\t\t\t<div class=\"elementor-widget-container\">\n\t\t\t\t\t\t\t\t\t<p><span style=\"color: #333333;\">CAT SOUL STUDIOS olarak Teknoloji ve Bili\u015fim alan\u0131nda profesyonel \u00e7\u00f6z\u00fcmler \u00fcretiyoruz. Web Tasar\u0131m\u0131, Programlama, Google SEO, Grafik ve Logo tasar\u0131m\u0131 olmak \u00fczere pek \u00e7ok alanda hizmet veriyoruz.<\/span><\/p>\t\t\t\t\t\t\t\t<\/div>\n\t\t\t\t<\/div>\n\t\t\t\t\t<\/div>\n\t\t<\/div>\n\t\t\t\t<div class=\"elementor-column elementor-col-50 elementor-top-column elementor-element elementor-element-ec3bded\" data-id=\"ec3bded\" data-element_type=\"column\">\n\t\t\t<div class=\"elementor-widget-wrap elementor-element-populated\">\n\t\t\t\t\t\t<div class=\"elementor-element elementor-element-e8a7e4c elementor-widget elementor-widget-toggle\" data-id=\"e8a7e4c\" data-element_type=\"widget\" data-widget_type=\"toggle.default\">\n\t\t\t\t<div class=\"elementor-widget-container\">\n\t\t\t\t\t\t\t<div class=\"elementor-toggle\">\n\t\t\t\t\t\t\t<div class=\"elementor-toggle-item\">\n\t\t\t\t\t<div id=\"elementor-tab-title-2431\" class=\"elementor-tab-title\" data-tab=\"1\" role=\"button\" aria-controls=\"elementor-tab-content-2431\" aria-expanded=\"false\">\n\t\t\t\t\t\t\t\t\t\t\t\t<span class=\"elementor-toggle-icon elementor-toggle-icon-right\" aria-hidden=\"true\">\n\t\t\t\t\t\t\t\t\t\t\t\t\t\t\t<span class=\"elementor-toggle-icon-closed\"><i class=\"fas fa-caret-right\"><\/i><\/span>\n\t\t\t\t\t\t\t\t<span class=\"elementor-toggle-icon-opened\"><i class=\"elementor-toggle-icon-opened fas fa-caret-up\"><\/i><\/span>\n\t\t\t\t\t\t\t\t\t\t\t\t\t<\/span>\n\t\t\t\t\t\t\t\t\t\t\t\t<a class=\"elementor-toggle-title\" tabindex=\"0\">Bireysel Web Tasar\u0131m<\/a>\n\t\t\t\t\t<\/div>\n\n\t\t\t\t\t<div id=\"elementor-tab-content-2431\" class=\"elementor-tab-content elementor-clearfix\" data-tab=\"1\" role=\"region\" aria-labelledby=\"elementor-tab-title-2431\"><p><span style=\"color: #333333;\">Bireysel web tasar\u0131m\u0131, benzersiz bir tarz ve ki\u015fisel dokunu\u015fla olu\u015fturulan web sitelerini ifade eder, her bireyin benzersiz hikayesini ve ki\u015fisel markas\u0131n\u0131 dijital d\u00fcnyaya yans\u0131tma imkan\u0131 sunar.<\/span><\/p><p><span style=\"color: #333333;\">Bireysel web tasar\u0131m\u0131, kusursuz bir kullan\u0131c\u0131 deneyimi sa\u011flayarak ki\u015finin yeteneklerini, hedeflerini ve tutkular\u0131n\u0131 yans\u0131tan web sitelerinin olu\u015fturulmas\u0131na olanak tan\u0131r, ayn\u0131 zamanda kendilerini \u00e7evrimi\u00e7i platformlarda etkileyici bir \u015fekilde temsil etmelerine yard\u0131mc\u0131 olur.<\/span><\/p><h5><a href=\"https:\/\/www.catsoulstudios.com\/tr\/index.php\/webtasarim\/\">Web Tasar\u0131m Paketlerimize Ula\u015f\u0131n<\/a><\/h5><\/div>\n\t\t\t\t<\/div>\n\t\t\t\t\t\t\t<div class=\"elementor-toggle-item\">\n\t\t\t\t\t<div id=\"elementor-tab-title-2432\" class=\"elementor-tab-title\" data-tab=\"2\" role=\"button\" aria-controls=\"elementor-tab-content-2432\" aria-expanded=\"false\">\n\t\t\t\t\t\t\t\t\t\t\t\t<span class=\"elementor-toggle-icon elementor-toggle-icon-right\" aria-hidden=\"true\">\n\t\t\t\t\t\t\t\t\t\t\t\t\t\t\t<span class=\"elementor-toggle-icon-closed\"><i class=\"fas fa-caret-right\"><\/i><\/span>\n\t\t\t\t\t\t\t\t<span class=\"elementor-toggle-icon-opened\"><i class=\"elementor-toggle-icon-opened fas fa-caret-up\"><\/i><\/span>\n\t\t\t\t\t\t\t\t\t\t\t\t\t<\/span>\n\t\t\t\t\t\t\t\t\t\t\t\t<a class=\"elementor-toggle-title\" tabindex=\"0\">Kurumsal Web Tasar\u0131m<\/a>\n\t\t\t\t\t<\/div>\n\n\t\t\t\t\t<div id=\"elementor-tab-content-2432\" class=\"elementor-tab-content elementor-clearfix\" data-tab=\"2\" role=\"region\" aria-labelledby=\"elementor-tab-title-2432\"><p><span style=\"color: #333333;\">Kurumsal web tasar\u0131m\u0131, profesyonel bir imaj olu\u015fturarak \u015firketin de\u011ferlerini, hizmetlerini ve marka kimli\u011fini vurgulayan etkileyici ve i\u015flevsel web sitelerinin tasarlanmas\u0131 s\u00fcrecini ifade eder.<\/span><\/p><p><span style=\"color: #333333;\">Kurumsal web tasar\u0131m\u0131, kullan\u0131c\u0131 dostu aray\u00fczleri, markan\u0131n g\u00fcvenilirli\u011fini art\u0131ran tasar\u0131m \u00f6\u011felerini ve stratejik i\u00e7erik yerle\u015fimini bir araya getirerek, kurumsal varl\u0131\u011f\u0131n dijital d\u00fcnyada ba\u015far\u0131l\u0131 bir \u015fekilde temsil edilmesini sa\u011flar.<\/span><\/p><h5><a href=\"https:\/\/www.catsoulstudios.com\/tr\/index.php\/webtasarim\/\">Web Tasar\u0131m Paketlerimize Ula\u015f\u0131n<\/a><\/h5><\/div>\n\t\t\t\t<\/div>\n\t\t\t\t\t\t\t<div class=\"elementor-toggle-item\">\n\t\t\t\t\t<div id=\"elementor-tab-title-2433\" class=\"elementor-tab-title\" data-tab=\"3\" role=\"button\" aria-controls=\"elementor-tab-content-2433\" aria-expanded=\"false\">\n\t\t\t\t\t\t\t\t\t\t\t\t<span class=\"elementor-toggle-icon elementor-toggle-icon-right\" aria-hidden=\"true\">\n\t\t\t\t\t\t\t\t\t\t\t\t\t\t\t<span class=\"elementor-toggle-icon-closed\"><i class=\"fas fa-caret-right\"><\/i><\/span>\n\t\t\t\t\t\t\t\t<span class=\"elementor-toggle-icon-opened\"><i class=\"elementor-toggle-icon-opened fas fa-caret-up\"><\/i><\/span>\n\t\t\t\t\t\t\t\t\t\t\t\t\t<\/span>\n\t\t\t\t\t\t\t\t\t\t\t\t<a class=\"elementor-toggle-title\" tabindex=\"0\">Sosyal Medya Y\u00f6netimi<\/a>\n\t\t\t\t\t<\/div>\n\n\t\t\t\t\t<div id=\"elementor-tab-content-2433\" class=\"elementor-tab-content elementor-clearfix\" data-tab=\"3\" role=\"region\" aria-labelledby=\"elementor-tab-title-2433\"><p><span style=\"color: #333333;\">Sosyal medya y\u00f6netimi, markalar\u0131n hedef kitleleriyle etkile\u015fim kurarak marka bilinirli\u011fini art\u0131rmak ve eri\u015fim sa\u011flamak i\u00e7in sosyal medya platformlar\u0131n\u0131 stratejik bir \u015fekilde kullanma s\u00fcrecidir. Bu s\u00fcre\u00e7, i\u00e7erik olu\u015fturma, yay\u0131nlama, kullan\u0131c\u0131 geri bildirimlerini y\u00f6netme ve etkinlikleri analiz etme gibi faaliyetleri i\u00e7erir, b\u00f6ylece markalar dijital varl\u0131klar\u0131n\u0131 g\u00fc\u00e7lendirebilir ve sosyal medyada ba\u015far\u0131l\u0131 bir \u015fekilde var olabilir.<\/span><\/p><h5><a href=\"https:\/\/www.catsoulstudios.com\/tr\/index.php\/urun-kategori\/sosyal-medya-yonetimi\/\">Sosyal Medya Y\u00f6netimi Paketlerimize Ula\u015f\u0131n<\/a><\/h5><\/div>\n\t\t\t\t<\/div>\n\t\t\t\t\t\t\t<div class=\"elementor-toggle-item\">\n\t\t\t\t\t<div id=\"elementor-tab-title-2434\" class=\"elementor-tab-title\" data-tab=\"4\" role=\"button\" aria-controls=\"elementor-tab-content-2434\" aria-expanded=\"false\">\n\t\t\t\t\t\t\t\t\t\t\t\t<span class=\"elementor-toggle-icon elementor-toggle-icon-right\" aria-hidden=\"true\">\n\t\t\t\t\t\t\t\t\t\t\t\t\t\t\t<span class=\"elementor-toggle-icon-closed\"><i class=\"fas fa-caret-right\"><\/i><\/span>\n\t\t\t\t\t\t\t\t<span class=\"elementor-toggle-icon-opened\"><i class=\"elementor-toggle-icon-opened fas fa-caret-up\"><\/i><\/span>\n\t\t\t\t\t\t\t\t\t\t\t\t\t<\/span>\n\t\t\t\t\t\t\t\t\t\t\t\t<a class=\"elementor-toggle-title\" tabindex=\"0\">E-Ticaret Sitesi<\/a>\n\t\t\t\t\t<\/div>\n\n\t\t\t\t\t<div id=\"elementor-tab-content-2434\" class=\"elementor-tab-content elementor-clearfix\" data-tab=\"4\" role=\"region\" aria-labelledby=\"elementor-tab-title-2434\"><p><span style=\"color: #333333;\">E-ticaret sitesi, kullan\u0131c\u0131lar\u0131n online platformlar \u00fczerinden \u00fcr\u00fcn veya hizmetleri kolayl\u0131kla sat\u0131n alabildi\u011fi, \u00f6deme i\u015flemlerini ger\u00e7ekle\u015ftirebildi\u011fi dijital bir ticaret platformudur. Bu siteler, m\u00fc\u015fterilere geni\u015f bir \u00fcr\u00fcn yelpazesine eri\u015fim sa\u011flarken i\u015fletmelere de k\u00fcresel pazarda geni\u015f bir m\u00fc\u015fteri taban\u0131na ula\u015fma f\u0131rsat\u0131 sunar.<\/span><\/p><h5><a href=\"https:\/\/www.catsoulstudios.com\/tr\/index.php\/urun\/e-ticaret-web-tasarim-paketi\/\">E-Ticaret Paketlerimize Ula\u015f\u0131n<\/a><\/h5><\/div>\n\t\t\t\t<\/div>\n\t\t\t\t\t\t\t<div class=\"elementor-toggle-item\">\n\t\t\t\t\t<div id=\"elementor-tab-title-2435\" class=\"elementor-tab-title\" data-tab=\"5\" role=\"button\" aria-controls=\"elementor-tab-content-2435\" aria-expanded=\"false\">\n\t\t\t\t\t\t\t\t\t\t\t\t<span class=\"elementor-toggle-icon elementor-toggle-icon-right\" aria-hidden=\"true\">\n\t\t\t\t\t\t\t\t\t\t\t\t\t\t\t<span class=\"elementor-toggle-icon-closed\"><i class=\"fas fa-caret-right\"><\/i><\/span>\n\t\t\t\t\t\t\t\t<span class=\"elementor-toggle-icon-opened\"><i class=\"elementor-toggle-icon-opened fas fa-caret-up\"><\/i><\/span>\n\t\t\t\t\t\t\t\t\t\t\t\t\t<\/span>\n\t\t\t\t\t\t\t\t\t\t\t\t<a class=\"elementor-toggle-title\" tabindex=\"0\">Dijital Reklamc\u0131l\u0131k<\/a>\n\t\t\t\t\t<\/div>\n\n\t\t\t\t\t<div id=\"elementor-tab-content-2435\" class=\"elementor-tab-content elementor-clearfix\" data-tab=\"5\" role=\"region\" aria-labelledby=\"elementor-tab-title-2435\"><p><span style=\"color: #333333;\">Dijital reklamc\u0131l\u0131k, dijital platformlar \u00fczerinden hedef kitlelere ula\u015farak marka bilinirli\u011fini art\u0131rmak, potansiyel m\u00fc\u015fterilere ula\u015fmak ve sat\u0131\u015flar\u0131 art\u0131rmak i\u00e7in \u00e7e\u015fitli reklam stratejilerinin kullan\u0131lmas\u0131d\u0131r.<\/span><\/p><p><span style=\"color: #333333;\">Dijital reklamc\u0131l\u0131k, sosyal medya reklamlar\u0131, arama motoru reklamlar\u0131, e-posta pazarlamas\u0131, i\u00e7erik pazarlamas\u0131 gibi dijital kanallar\u0131 kullanarak, daha hedefli, \u00f6l\u00e7\u00fclebilir ve etkili reklam kampanyalar\u0131n\u0131n olu\u015fturulmas\u0131n\u0131 sa\u011flar, b\u00f6ylece markalar dijital d\u00fcnyada daha geni\u015f bir etki alan\u0131 elde edebilir.<\/span><\/p><h5><a href=\"https:\/\/www.catsoulstudios.com\/tr\/index.php\/urun-kategori\/dijital-reklamcilik\/\">Dijital Reklamc\u0131l\u0131k Paketlerimize Ula\u015f\u0131n<\/a><\/h5><\/div>\n\t\t\t\t<\/div>\n\t\t\t\t\t\t\t<div class=\"elementor-toggle-item\">\n\t\t\t\t\t<div id=\"elementor-tab-title-2436\" class=\"elementor-tab-title\" data-tab=\"6\" role=\"button\" aria-controls=\"elementor-tab-content-2436\" aria-expanded=\"false\">\n\t\t\t\t\t\t\t\t\t\t\t\t<span class=\"elementor-toggle-icon elementor-toggle-icon-right\" aria-hidden=\"true\">\n\t\t\t\t\t\t\t\t\t\t\t\t\t\t\t<span class=\"elementor-toggle-icon-closed\"><i class=\"fas fa-caret-right\"><\/i><\/span>\n\t\t\t\t\t\t\t\t<span class=\"elementor-toggle-icon-opened\"><i class=\"elementor-toggle-icon-opened fas fa-caret-up\"><\/i><\/span>\n\t\t\t\t\t\t\t\t\t\t\t\t\t<\/span>\n\t\t\t\t\t\t\t\t\t\t\t\t<a class=\"elementor-toggle-title\" tabindex=\"0\">SEO Hizmeti<\/a>\n\t\t\t\t\t<\/div>\n\n\t\t\t\t\t<div id=\"elementor-tab-content-2436\" class=\"elementor-tab-content elementor-clearfix\" data-tab=\"6\" role=\"region\" aria-labelledby=\"elementor-tab-title-2436\"><p><span style=\"color: #333333;\">SEO hizmeti, web sitelerinin arama motorlar\u0131nda \u00fcst s\u0131ralarda yer almas\u0131n\u0131 sa\u011flamak i\u00e7in yap\u0131lan optimizasyon \u00e7al\u0131\u015fmalar\u0131n\u0131 kapsar. Bu \u00e7al\u0131\u015fmalar, do\u011fru anahtar kelimelerin belirlenmesi, i\u00e7erik optimizasyonu, teknik site d\u00fczenlemeleri ve ba\u011flant\u0131 olu\u015fturma gibi stratejik ad\u0131mlar\u0131 i\u00e7erir, b\u00f6ylece web siteleri organik arama trafi\u011fini art\u0131rabilir ve daha fazla potansiyel m\u00fc\u015fteriye eri\u015fim sa\u011flayabilir.<\/span><\/p><\/div>\n\t\t\t\t<\/div>\n\t\t\t\t\t\t\t<div class=\"elementor-toggle-item\">\n\t\t\t\t\t<div id=\"elementor-tab-title-2437\" class=\"elementor-tab-title\" data-tab=\"7\" role=\"button\" aria-controls=\"elementor-tab-content-2437\" aria-expanded=\"false\">\n\t\t\t\t\t\t\t\t\t\t\t\t<span class=\"elementor-toggle-icon elementor-toggle-icon-right\" aria-hidden=\"true\">\n\t\t\t\t\t\t\t\t\t\t\t\t\t\t\t<span class=\"elementor-toggle-icon-closed\"><i class=\"fas fa-caret-right\"><\/i><\/span>\n\t\t\t\t\t\t\t\t<span class=\"elementor-toggle-icon-opened\"><i class=\"elementor-toggle-icon-opened fas fa-caret-up\"><\/i><\/span>\n\t\t\t\t\t\t\t\t\t\t\t\t\t<\/span>\n\t\t\t\t\t\t\t\t\t\t\t\t<a class=\"elementor-toggle-title\" tabindex=\"0\">Grafik Tasar\u0131m\u0131<\/a>\n\t\t\t\t\t<\/div>\n\n\t\t\t\t\t<div id=\"elementor-tab-content-2437\" class=\"elementor-tab-content elementor-clearfix\" data-tab=\"7\" role=\"region\" aria-labelledby=\"elementor-tab-title-2437\"><p><span style=\"color: #333333;\">Grafik tasar\u0131m hizmeti, markalar\u0131n veya projelerin etkileyici ve \u00e7arp\u0131c\u0131 g\u00f6rsellerle ifade edilmesini sa\u011flar. Bu hizmet, logo tasar\u0131m\u0131, bro\u015f\u00fcrler, afi\u015fler, ambalajlar, dijital i\u00e7erikler ve web tasar\u0131m\u0131 gibi farkl\u0131 alanlarda yarat\u0131c\u0131 \u00e7\u00f6z\u00fcmler sunar, markalar\u0131n kendilerini benzersiz bir \u015fekilde ifade etmelerini ve g\u00f6rsel olarak dikkat \u00e7ekici bir varl\u0131k olu\u015fturmalar\u0131n\u0131 sa\u011flar.<\/span><\/p><\/div>\n\t\t\t\t<\/div>\n\t\t\t\t\t\t\t<div class=\"elementor-toggle-item\">\n\t\t\t\t\t<div id=\"elementor-tab-title-2438\" class=\"elementor-tab-title\" data-tab=\"8\" role=\"button\" aria-controls=\"elementor-tab-content-2438\" aria-expanded=\"false\">\n\t\t\t\t\t\t\t\t\t\t\t\t<span class=\"elementor-toggle-icon elementor-toggle-icon-right\" aria-hidden=\"true\">\n\t\t\t\t\t\t\t\t\t\t\t\t\t\t\t<span class=\"elementor-toggle-icon-closed\"><i class=\"fas fa-caret-right\"><\/i><\/span>\n\t\t\t\t\t\t\t\t<span class=\"elementor-toggle-icon-opened\"><i class=\"elementor-toggle-icon-opened fas fa-caret-up\"><\/i><\/span>\n\t\t\t\t\t\t\t\t\t\t\t\t\t<\/span>\n\t\t\t\t\t\t\t\t\t\t\t\t<a class=\"elementor-toggle-title\" tabindex=\"0\">Oyun Tasar\u0131m\u0131<\/a>\n\t\t\t\t\t<\/div>\n\n\t\t\t\t\t<div id=\"elementor-tab-content-2438\" class=\"elementor-tab-content elementor-clearfix\" data-tab=\"8\" role=\"region\" aria-labelledby=\"elementor-tab-title-2438\"><p><span style=\"color: #333333;\">Cat Soul Studios bilgisayar ve mobil platformlar i\u00e7in oyunlar tasarlamaktad\u0131r. Oyun sekt\u00f6r\u00fcne girmek, oyunlar pazarlamak istiyorsan\u0131z do\u011fru yerdesiniz. Hangi platformda ne t\u00fcrden oyunlar yapmak isterseniz bize ula\u015f\u0131n.<\/span><\/p><h5><a href=\"https:\/\/www.catsoulstudios.com\/tr\/index.php\/urun\/oyun-tasarimi\/\">Oyun Tasar\u0131m Paketlerimize Ula\u015f\u0131n<\/a><\/h5><\/div>\n\t\t\t\t<\/div>\n\t\t\t\t\t\t\t\t<\/div>\n\t\t\t\t\t\t<\/div>\n\t\t\t\t<\/div>\n\t\t\t\t\t<\/div>\n\t\t<\/div>\n\t\t\t\t\t<\/div>\n\t\t<\/section>\n\t\t\t\t<\/div>\n\t\t","protected":false},"excerpt":{"rendered":"<p>H\u0130ZMETLER Anasayfa \/ Dijital \u00c7\u00f6z\u00fcmlerimiz ne yap\u0131yoruz? Memnuniyet Odakl\u0131 \u00c7al\u0131\u015f\u0131yoruz CAT SOUL STUDIOS olarak Teknoloji ve Bili\u015fim alan\u0131nda profesyonel \u00e7\u00f6z\u00fcmler \u00fcretiyoruz. Web Tasar\u0131m\u0131, Programlama, Google SEO, Grafik ve Logo tasar\u0131m\u0131 olmak \u00fczere pek \u00e7ok alanda hizmet veriyoruz. Bireysel Web Tasar\u0131m Bireysel web tasar\u0131m\u0131, benzersiz bir tarz ve ki\u015fisel dokunu\u015fla olu\u015fturulan web sitelerini ifade eder, her [&hellip;]<\/p>\n","protected":false},"author":1,"featured_media":0,"parent":0,"menu_order":0,"comment_status":"closed","ping_status":"closed","template":"template-page-builders.php","meta":{"_monsterinsights_skip_tracking":false,"_monsterinsights_sitenote_active":false,"_monsterinsights_sitenote_note":"","_monsterinsights_sitenote_category":0,"footnotes":""},"class_list":["post-1517","page","type-page","status-publish","hentry"],"aioseo_notices":[],"jetpack_sharing_enabled":true,"_links":{"self":[{"href":"https:\/\/www.catsoulstudios.com\/tr\/index.php\/wp-json\/wp\/v2\/pages\/1517","targetHints":{"allow":["GET"]}}],"collection":[{"href":"https:\/\/www.catsoulstudios.com\/tr\/index.php\/wp-json\/wp\/v2\/pages"}],"about":[{"href":"https:\/\/www.catsoulstudios.com\/tr\/index.php\/wp-json\/wp\/v2\/types\/page"}],"author":[{"embeddable":true,"href":"https:\/\/www.catsoulstudios.com\/tr\/index.php\/wp-json\/wp\/v2\/users\/1"}],"replies":[{"embeddable":true,"href":"https:\/\/www.catsoulstudios.com\/tr\/index.php\/wp-json\/wp\/v2\/comments?post=1517"}],"version-history":[{"count":49,"href":"https:\/\/www.catsoulstudios.com\/tr\/index.php\/wp-json\/wp\/v2\/pages\/1517\/revisions"}],"predecessor-version":[{"id":2040,"href":"https:\/\/www.catsoulstudios.com\/tr\/index.php\/wp-json\/wp\/v2\/pages\/1517\/revisions\/2040"}],"wp:attachment":[{"href":"https:\/\/www.catsoulstudios.com\/tr\/index.php\/wp-json\/wp\/v2\/media?parent=1517"}],"curies":[{"name":"wp","href":"https:\/\/api.w.org\/{rel}","templated":true}]}}